{"id":71,"date":"2015-11-24T12:10:46","date_gmt":"2015-11-24T17:10:46","guid":{"rendered":"http:\/\/www.sanikukai.ca\/?page_id=71"},"modified":"2015-11-24T12:10:46","modified_gmt":"2015-11-24T17:10:46","slug":"terminologie-et-techniques","status":"publish","type":"page","link":"https:\/\/sanikukai.koshiki-canada.com\/index.php\/terminologie-et-techniques\/","title":{"rendered":"Terminologie et techniques"},"content":{"rendered":"<h1>Terminologie et techniques<\/h1>\n<ul>\n<li><a href=\"http:\/\/www.sanikukai.ca\/?p=73\">Ceinture blanche<\/a><\/li>\n<li>Ceinture jaune (\u00e0 venir)<\/li>\n<li>Ceinture orange (\u00e0 venir)<\/li>\n<li>Ceinture verte (\u00e0 venir)<\/li>\n<li>Ceinture brune (\u00e0 venir<\/li>\n<\/ul>\n","protected":false},"excerpt":{"rendered":"<p>Terminologie et techniques Ceinture blanche Ceinture jaune (\u00e0 venir) Ceinture orange (\u00e0 venir) Ceinture verte (\u00e0 venir) Ceinture brune (\u00e0 venir<\/p>\n","protected":false},"author":1,"featured_media":0,"parent":0,"menu_order":60,"comment_status":"closed","ping_status":"open","template":"","meta":{"footnotes":""},"class_list":["post-71","page","type-page","status-publish","hentry"],"_links":{"self":[{"href":"https:\/\/sanikukai.koshiki-canada.com\/index.php\/wp-json\/wp\/v2\/pages\/71","targetHints":{"allow":["GET"]}}],"collection":[{"href":"https:\/\/sanikukai.koshiki-canada.com\/index.php\/wp-json\/wp\/v2\/pages"}],"about":[{"href":"https:\/\/sanikukai.koshiki-canada.com\/index.php\/wp-json\/wp\/v2\/types\/page"}],"author":[{"embeddable":true,"href":"https:\/\/sanikukai.koshiki-canada.com\/index.php\/wp-json\/wp\/v2\/users\/1"}],"replies":[{"embeddable":true,"href":"https:\/\/sanikukai.koshiki-canada.com\/index.php\/wp-json\/wp\/v2\/comments?post=71"}],"version-history":[{"count":0,"href":"https:\/\/sanikukai.koshiki-canada.com\/index.php\/wp-json\/wp\/v2\/pages\/71\/revisions"}],"wp:attachment":[{"href":"https:\/\/sanikukai.koshiki-canada.com\/index.php\/wp-json\/wp\/v2\/media?parent=71"}],"curies":[{"name":"wp","href":"https:\/\/api.w.org\/{rel}","templated":true}]}}